{"id":915,"date":"2024-08-21T11:15:07","date_gmt":"2024-08-21T09:15:07","guid":{"rendered":"https:\/\/www.alsistemi.it\/?page_id=915"},"modified":"2024-09-02T15:53:22","modified_gmt":"2024-09-02T13:53:22","slug":"formazione","status":"publish","type":"page","link":"https:\/\/www.alsistemi.it\/index.php\/services-2\/formazione\/","title":{"rendered":"Formazione"},"content":{"rendered":"\n<div class=\"wp-block-stackable-columns alignwide stk-block-columns stk-block stk-f5554c3 stk-block-background stk--has-background-overlay\" data-block-id=\"f5554c3\"><style>.stk-f5554c3{background-color:#3c2204 !important;background-image:url(https:\/\/www.alsistemi.it\/wp-content\/uploads\/2023\/07\/AdobeStock_161923883.jpeg) !important;background-position:center center !important;background-repeat:no-repeat !important;background-size:cover !important;border-top-left-radius:25px !important;border-top-right-radius:25px !important;border-bottom-right-radius:25px !important;border-bottom-left-radius:25px !important;overflow:hidden !important;padding-top:180px !important;padding-right:80px !important;padding-bottom:75px !important;padding-left:80px !important;margin-bottom:0px !important}.stk-f5554c3:before{background-color:#3c2204 !important;opacity:0.3 !important}@media screen and (max-width:767px){.stk-f5554c3{padding-top:100px !important;padding-right:25px !important;padding-left:25px !important}}<\/style><div class=\"stk-row stk-inner-blocks has-text-align-center-mobile stk-block-content stk-content-align stk-f5554c3-column alignwide\">\n<div class=\"wp-block-stackable-column stk-block-column stk-column stk-block stk-3f739b8\" data-v=\"4\" data-block-id=\"3f739b8\"><style>.stk-3f739b8-container{margin-top:0px !important;margin-right:0px !important;margin-bottom:0px !important;margin-left:0px !important}<\/style><div class=\"stk-column-wrapper stk-block-column__content stk-container stk-3f739b8-container stk--no-background stk--no-padding\"><div class=\"stk-block-content stk-inner-blocks stk-3f739b8-inner-blocks\">\n\n\n<div class=\"wp-block-stackable-columns stk-block-columns stk-block stk-72e3659\" data-block-id=\"72e3659\"><style>.stk-72e3659 .stk--block-align-72e3659{align-items:flex-end !important}.stk-72e3659{margin-bottom:0px !important}.stk-72e3659-column{--stk-column-gap:35px !important;row-gap:70px !important}<\/style><div class=\"stk-row stk-inner-blocks stk--block-align-72e3659 stk-block-content stk-content-align stk-72e3659-column\">\n<div class=\"wp-block-stackable-column stk-block-column stk-column stk-block stk-d542d57\" data-v=\"4\" data-block-id=\"d542d57\"><style>.stk-d542d57-container{margin-top:0px !important;margin-right:0px !important;margin-bottom:0px !important;margin-left:0px !important}@media screen and (min-width:768px){.stk-d542d57{flex:var(--stk-flex-grow,1) 1 calc(70.6% - var(--stk-column-gap,0px) * 1 \/ 2 ) !important}}<\/style><div class=\"stk-column-wrapper stk-block-column__content stk-container stk-d542d57-container stk--no-background stk--no-padding\"><div class=\"stk-block-content stk-inner-blocks stk-d542d57-inner-blocks\">\n<div class=\"wp-block-stackable-heading stk-block-heading stk-block-heading--v2 stk-block stk-ba93f5b\" id=\"formazione-su-misura-per-aziende-ed-enti\" data-block-id=\"ba93f5b\"><style>.stk-ba93f5b .stk-block-heading__text{font-size:30px !important;color:var(--theme-palette-color-8,#ffffff) !important;line-height:1.1em !important}@media screen and (max-width:1023px){.stk-ba93f5b .stk-block-heading__text{font-size:40px !important}}@media screen and (max-width:767px){.stk-ba93f5b .stk-block-heading__text{font-size:30px !important}}<\/style><h2 class=\"stk-block-heading__text has-text-color has-palette-color-8-color\">Formazione su misura per aziende ed Enti <\/h2><\/div>\n<\/div><\/div><\/div>\n\n\n\n<div class=\"wp-block-stackable-column stk-block-column stk-column stk-block stk-b779f3a\" data-v=\"4\" data-block-id=\"b779f3a\"><style>.stk-b779f3a-container{margin-top:0px !important;margin-right:0px !important;margin-bottom:0px !important;margin-left:0px !important}@media screen and (min-width:768px){.stk-b779f3a{flex:var(--stk-flex-grow,1) 1 calc(29.4% - var(--stk-column-gap,0px) * 1 \/ 2 ) !important}}<\/style><div class=\"stk-column-wrapper stk-block-column__content stk-container stk-b779f3a-container stk--no-background stk--no-padding\"><div class=\"stk-block-content stk-inner-blocks stk-b779f3a-inner-blocks\">\n<div class=\"wp-block-stackable-image stk-block-image has-text-align-left has-text-align-center-mobile stk-block stk-6b83e20\" data-block-id=\"6b83e20\"><style>.stk-6b83e20{margin-bottom:60px !important}.stk-6b83e20 .stk-img-wrapper{width:80px !important}@media screen and (max-width:1023px){.stk-6b83e20{margin-bottom:40px !important}.stk-6b83e20 .stk-img-wrapper{width:65px !important}}<\/style><figure><span class=\"stk-img-wrapper stk-image--shape-stretch\"><img loading=\"lazy\" decoding=\"async\" class=\"stk-img wp-image-61\" src=\"https:\/\/www.alsistemi.it\/wp-content\/uploads\/2021\/07\/brand-icon.svg\" width=\"80\" height=\"300\"\/><\/span><\/figure><\/div>\n<\/div><\/div><\/div>\n<\/div><\/div>\n\n\n\n<div class=\"wp-block-stackable-spacer stk-block-spacer stk--no-padding stk-block stk-c902222\" data-block-id=\"c902222\"><style>.stk-c902222{height:26px !important}@media screen and (max-width:1023px){.stk-c902222{height:70px !important}}@media screen and (max-width:767px){.stk-c902222{height:50px !important}}<\/style><\/div>\n\n\n\n<p class=\"has-palette-color-6-color has-text-color has-link-color has-medium-font-size wp-elements-117e7c9e8dbdc9a51be7fedb0d95568a\"><span style=\"color: var(--theme-palette-color-6, #f9fafb);\" class=\"stk-highlight\">Offriamo corsi di formazione specifici per Aziende e Enti, progettati per potenziare le competenze del tuo team e migliorare l\u2019efficienza operativa. Le nostre proposte includono:<\/span><\/p>\n\n\n\n<ul class=\"wp-block-list has-palette-color-6-color has-text-color has-link-color has-medium-font-size wp-elements-031c0a04b786cd18020b6aabfe4141af\">\n<li><span style=\"color: var(--theme-palette-color-6, #f9fafb);\" class=\"stk-highlight\"><strong>Software Gestionale<\/strong>: Formazione pratica e approfondita sull\u2019utilizzo del nostro software gestionale Azienda Smart e dell&#8217;ERP Business Cube di NTS Informatica, per massimizzare le sue potenzialit\u00e0 e ottimizzare la gestione aziendale.<\/span><\/li>\n\n\n\n<li><span style=\"color: var(--theme-palette-color-6, #f9fafb);\" class=\"stk-highlight\"><strong>Informatica di Base:<\/strong> Corsi pensati per chi desidera acquisire o perfezionare le competenze informatiche essenziali, migliorando la produttivit\u00e0 quotidiana e l\u2019utilizzo delle tecnologie digitali.<\/span><\/li>\n\n\n\n<li><span style=\"color: var(--theme-palette-color-6, #f9fafb);\" class=\"stk-highlight\"><strong>Formazione PNRR:<\/strong> Prepariamo il tuo team a comprendere e sfruttare al meglio le opportunit\u00e0 offerte dal Piano Nazionale di Ripresa e Resilienza (PNRR), con focus su finanziamenti, progetti digitali e innovazione tecnologica.<\/span><\/li>\n<\/ul>\n\n\n\n<p class=\"has-palette-color-6-color has-text-color has-link-color has-medium-font-size wp-elements-f39bd7570e070f1a30ce03c75bdbe785\">Ogni corso \u00e8 personalizzabile e pu\u00f2 essere erogato in modalit\u00e0 in presenza o a distanza, per rispondere alle esigenze specifiche della tua organizzazione. Contattaci per maggiori informazioni e per pianificare un percorso formativo su misura.<\/p>\n\n\n\n<div class=\"wp-block-stackable-button-group stk-block-button-group stk-block stk-9ca74ce\" data-block-id=\"9ca74ce\"><div class=\"stk-row stk-inner-blocks stk-block-content stk-button-group\">\n<div class=\"wp-block-stackable-button stk-block-button stk-block stk-a61a51e\" data-block-id=\"a61a51e\"><a class=\"stk-link stk-button stk--hover-effect-darken\" href=\"https:\/\/www.alsistemi.it\/index.php\/contact-2\/\" target=\"_blank\" rel=\"noreferrer noopener\"><span class=\"stk-button__inner-text\">Contattaci<\/span><\/a><\/div>\n<\/div><\/div>\n<\/div><\/div><\/div>\n<\/div><\/div>\n\n\n\n<div class=\"wp-block-stackable-heading stk-block-heading stk-block-heading--v2 stk-block stk-02d9144\" id=\"iscriviti-alla-newsletter\" data-block-id=\"02d9144\"><style>.stk-02d9144{margin-bottom:8px !important}.stk-02d9144 .stk-block-heading__text{line-height:1.5em !important;font-weight:800 !important}@media screen and (max-width:1023px){.stk-02d9144 .stk-block-heading__text{font-size:30px !important}}@media screen and (max-width:767px){.stk-02d9144 .stk-block-heading__text{font-size:25px !important}}<\/style><h2 class=\"stk-block-heading__text has-text-align-center\">Iscriviti alla Newsletter<\/h2><\/div>\n\n\n<style id=\"wpforms-css-vars-root\">\n\t\t\t\t:root {\n\t\t\t\t\t--wpforms-field-border-radius: 3px;\n--wpforms-field-border-style: solid;\n--wpforms-field-border-size: 1px;\n--wpforms-field-background-color: #ffffff;\n--wpforms-field-border-color: rgba( 0, 0, 0, 0.25 );\n--wpforms-field-border-color-spare: rgba( 0, 0, 0, 0.25 );\n--wpforms-field-text-color: rgba( 0, 0, 0, 0.7 );\n--wpforms-field-menu-color: #ffffff;\n--wpforms-label-color: rgba( 0, 0, 0, 0.85 );\n--wpforms-label-sublabel-color: rgba( 0, 0, 0, 0.55 );\n--wpforms-label-error-color: #d63637;\n--wpforms-button-border-radius: 3px;\n--wpforms-button-border-style: none;\n--wpforms-button-border-size: 1px;\n--wpforms-button-background-color: #066aab;\n--wpforms-button-border-color: #066aab;\n--wpforms-button-text-color: #ffffff;\n--wpforms-page-break-color: #066aab;\n--wpforms-background-image: none;\n--wpforms-background-position: center center;\n--wpforms-background-repeat: no-repeat;\n--wpforms-background-size: cover;\n--wpforms-background-width: 100px;\n--wpforms-background-height: 100px;\n--wpforms-background-color: rgba( 0, 0, 0, 0 );\n--wpforms-background-url: none;\n--wpforms-container-padding: 0px;\n--wpforms-container-border-style: none;\n--wpforms-container-border-width: 1px;\n--wpforms-container-border-color: #000000;\n--wpforms-container-border-radius: 3px;\n--wpforms-field-size-input-height: 43px;\n--wpforms-field-size-input-spacing: 15px;\n--wpforms-field-size-font-size: 16px;\n--wpforms-field-size-line-height: 19px;\n--wpforms-field-size-padding-h: 14px;\n--wpforms-field-size-checkbox-size: 16px;\n--wpforms-field-size-sublabel-spacing: 5px;\n--wpforms-field-size-icon-size: 1;\n--wpforms-label-size-font-size: 16px;\n--wpforms-label-size-line-height: 19px;\n--wpforms-label-size-sublabel-font-size: 14px;\n--wpforms-label-size-sublabel-line-height: 17px;\n--wpforms-button-size-font-size: 17px;\n--wpforms-button-size-height: 41px;\n--wpforms-button-size-padding-h: 15px;\n--wpforms-button-size-margin-top: 10px;\n--wpforms-container-shadow-size-box-shadow: none;\n\n\t\t\t\t}\n\t\t\t<\/style><div class=\"wpforms-container wpforms-block wpforms-block-40990337-53f8-4c8e-9c10-442ae481e117 ct-wpforms-inline-fields wpforms-render-modern\" id=\"wpforms-299\"><form id=\"wpforms-form-299\" class=\"wpforms-validate wpforms-form\" data-formid=\"299\" method=\"post\" enctype=\"multipart\/form-data\" action=\"\/index.php\/wp-json\/wp\/v2\/pages\/915\" data-token=\"9f51363ede6bb4dabd684e9f0ac2128c\" data-token-time=\"1776408042\"><noscript class=\"wpforms-error-noscript\">Abilita JavaScript nel browser per completare questo modulo.<\/noscript><div class=\"wpforms-hidden\" id=\"wpforms-error-noscript\">Abilita JavaScript nel browser per completare questo modulo.<\/div><div class=\"wpforms-field-container\"><div id=\"wpforms-299-field_1-container\" class=\"wpforms-field wpforms-field-email\" data-field-id=\"1\"><label class=\"wpforms-field-label wpforms-label-hide\" for=\"wpforms-299-field_1\" aria-hidden=\"false\">Email <span class=\"wpforms-required-label\" aria-hidden=\"true\">*<\/span><\/label><input type=\"email\" id=\"wpforms-299-field_1\" class=\"wpforms-field-large wpforms-field-required\" name=\"wpforms[fields][1]\" placeholder=\"inserisci il tuo indirizzo email\" spellcheck=\"false\" aria-errormessage=\"wpforms-299-field_1-error\" required><\/div><\/div><!-- .wpforms-field-container --><div class=\"wpforms-submit-container\" ><input type=\"hidden\" name=\"wpforms[id]\" value=\"299\"><input type=\"hidden\" name=\"page_title\" value=\"\"><input type=\"hidden\" name=\"page_url\" value=\"https:\/\/www.alsistemi.it\/index.php\/wp-json\/wp\/v2\/pages\/915\"><button type=\"submit\" name=\"wpforms[submit]\" id=\"wpforms-submit-299\" class=\"wpforms-submit\" data-alt-text=\"Sending...\" data-submit-text=\"Iscrivimi\" aria-live=\"assertive\" value=\"wpforms-submit\">Iscrivimi<\/button><\/div><\/form><\/div>  <!-- .wpforms-container -->\n\n\n<div class=\"wp-block-stackable-columns alignfull stk-block-columns stk-block stk-1dbdcfb stk-block-background stk--has-background-overlay\" data-block-id=\"1dbdcfb\"><style>.stk-1dbdcfb{background-color:transparent !important;background-image:url(https:\/\/www.alsistemi.it\/wp-content\/uploads\/2021\/07\/decorative-shape.svg) !important;background-position:top right !important;background-repeat:no-repeat !important;background-size:850px !important;padding-top:0px !important;padding-right:0px !important;padding-bottom:0px !important;padding-left:0px !important;margin-bottom:0px !important;overflow:visible !important}.stk-1dbdcfb:before{background-color:transparent !important;opacity:0.5 !important}.stk-1dbdcfb .stk-container{overflow:visible !important}@media screen and (max-width:1023px){.stk-1dbdcfb{background-size:600px !important}}@media screen and (max-width:767px){.stk-1dbdcfb{background-position:center right !important;background-size:400px !important}}<\/style><div class=\"stk-row stk-inner-blocks stk-block-content stk-content-align stk-1dbdcfb-column\"><\/div><\/div>\n","protected":false},"excerpt":{"rendered":"<p>Formazione su misura per aziende ed Enti Offriamo corsi di formazione specifici per Aziende e Enti, progettati per potenziare le competenze del tuo team e migliorare l\u2019efficienza operativa. Le nostre proposte includono: Ogni corso \u00e8 personalizzabile e pu\u00f2 essere erogato in modalit\u00e0 in presenza o a distanza, per rispondere alle esigenze specifiche della tua organizzazione. [&hellip;]<\/p>\n","protected":false},"author":1,"featured_media":0,"parent":692,"menu_order":0,"comment_status":"closed","ping_status":"closed","template":"","meta":{"footnotes":""},"class_list":["post-915","page","type-page","status-publish","hentry"],"blocksy_meta":[],"yoast_head":"<!-- This site is optimized with the Yoast SEO plugin v25.6 - https:\/\/yoast.com\/wordpress\/plugins\/seo\/ -->\r\n<title>Formazione - AL SISTEMI SRL<\/title>\r\n<meta name=\"robots\" content=\"index, follow, max-snippet:-1, max-image-preview:large, max-video-preview:-1\" \/>\r\n<link rel=\"canonical\" href=\"https:\/\/www.alsistemi.it\/index.php\/services-2\/formazione\/\" \/>\r\n<meta property=\"og:locale\" content=\"it_IT\" \/>\r\n<meta property=\"og:type\" content=\"article\" \/>\r\n<meta property=\"og:title\" content=\"Formazione - AL SISTEMI SRL\" \/>\r\n<meta property=\"og:description\" content=\"Formazione su misura per aziende ed Enti Offriamo corsi di formazione specifici per Aziende e Enti, progettati per potenziare le competenze del tuo team e migliorare l\u2019efficienza operativa. Le nostre proposte includono: Ogni corso \u00e8 personalizzabile e pu\u00f2 essere erogato in modalit\u00e0 in presenza o a distanza, per rispondere alle esigenze specifiche della tua organizzazione. [&hellip;]\" \/>\r\n<meta property=\"og:url\" content=\"https:\/\/www.alsistemi.it\/index.php\/services-2\/formazione\/\" \/>\r\n<meta property=\"og:site_name\" content=\"AL SISTEMI SRL\" \/>\r\n<meta property=\"article:modified_time\" content=\"2024-09-02T13:53:22+00:00\" \/>\r\n<meta property=\"og:image\" content=\"https:\/\/www.alsistemi.it\/wp-content\/uploads\/2021\/07\/brand-icon.svg\" \/>\r\n<meta name=\"twitter:card\" content=\"summary_large_image\" \/>\r\n<meta name=\"twitter:label1\" content=\"Tempo di lettura stimato\" \/>\n\t<meta name=\"twitter:data1\" content=\"2 minuti\" \/>\r\n<script type=\"application\/ld+json\" class=\"yoast-schema-graph\">{\"@context\":\"https:\/\/schema.org\",\"@graph\":[{\"@type\":\"WebPage\",\"@id\":\"https:\/\/www.alsistemi.it\/index.php\/services-2\/formazione\/\",\"url\":\"https:\/\/www.alsistemi.it\/index.php\/services-2\/formazione\/\",\"name\":\"Formazione - AL SISTEMI SRL\",\"isPartOf\":{\"@id\":\"https:\/\/www.alsistemi.it\/#website\"},\"primaryImageOfPage\":{\"@id\":\"https:\/\/www.alsistemi.it\/index.php\/services-2\/formazione\/#primaryimage\"},\"image\":{\"@id\":\"https:\/\/www.alsistemi.it\/index.php\/services-2\/formazione\/#primaryimage\"},\"thumbnailUrl\":\"https:\/\/www.alsistemi.it\/wp-content\/uploads\/2021\/07\/brand-icon.svg\",\"datePublished\":\"2024-08-21T09:15:07+00:00\",\"dateModified\":\"2024-09-02T13:53:22+00:00\",\"breadcrumb\":{\"@id\":\"https:\/\/www.alsistemi.it\/index.php\/services-2\/formazione\/#breadcrumb\"},\"inLanguage\":\"it-IT\",\"potentialAction\":[{\"@type\":\"ReadAction\",\"target\":[\"https:\/\/www.alsistemi.it\/index.php\/services-2\/formazione\/\"]}]},{\"@type\":\"ImageObject\",\"inLanguage\":\"it-IT\",\"@id\":\"https:\/\/www.alsistemi.it\/index.php\/services-2\/formazione\/#primaryimage\",\"url\":\"https:\/\/www.alsistemi.it\/wp-content\/uploads\/2023\/07\/s_blog3.jpg\",\"contentUrl\":\"https:\/\/www.alsistemi.it\/wp-content\/uploads\/2023\/07\/s_blog3.jpg\",\"width\":1920,\"height\":1080},{\"@type\":\"BreadcrumbList\",\"@id\":\"https:\/\/www.alsistemi.it\/index.php\/services-2\/formazione\/#breadcrumb\",\"itemListElement\":[{\"@type\":\"ListItem\",\"position\":1,\"name\":\"Home\",\"item\":\"https:\/\/www.alsistemi.it\/\"},{\"@type\":\"ListItem\",\"position\":2,\"name\":\"Servizi e Prodotti\",\"item\":\"https:\/\/www.alsistemi.it\/index.php\/services-2\/\"},{\"@type\":\"ListItem\",\"position\":3,\"name\":\"Formazione\"}]},{\"@type\":\"WebSite\",\"@id\":\"https:\/\/www.alsistemi.it\/#website\",\"url\":\"https:\/\/www.alsistemi.it\/\",\"name\":\"AL SISTEMI SRL\",\"description\":\"Innovazione su misura, soluzioni integrate\",\"publisher\":{\"@id\":\"https:\/\/www.alsistemi.it\/#organization\"},\"potentialAction\":[{\"@type\":\"SearchAction\",\"target\":{\"@type\":\"EntryPoint\",\"urlTemplate\":\"https:\/\/www.alsistemi.it\/?s={search_term_string}\"},\"query-input\":{\"@type\":\"PropertyValueSpecification\",\"valueRequired\":true,\"valueName\":\"search_term_string\"}}],\"inLanguage\":\"it-IT\"},{\"@type\":\"Organization\",\"@id\":\"https:\/\/www.alsistemi.it\/#organization\",\"name\":\"AL SISTEMI SRL\",\"url\":\"https:\/\/www.alsistemi.it\/\",\"logo\":{\"@type\":\"ImageObject\",\"inLanguage\":\"it-IT\",\"@id\":\"https:\/\/www.alsistemi.it\/#\/schema\/logo\/image\/\",\"url\":\"https:\/\/www.alsistemi.it\/wp-content\/uploads\/2023\/07\/cropped-Home-AL-SISTEMI-S.r.l-1.jpg\",\"contentUrl\":\"https:\/\/www.alsistemi.it\/wp-content\/uploads\/2023\/07\/cropped-Home-AL-SISTEMI-S.r.l-1.jpg\",\"width\":220,\"height\":70,\"caption\":\"AL SISTEMI SRL\"},\"image\":{\"@id\":\"https:\/\/www.alsistemi.it\/#\/schema\/logo\/image\/\"},\"sameAs\":[\"https:\/\/www.linkedin.com\/company\/al-sistemi-s-r-l-\/\"]}]}<\/script>\r\n<!-- \/ Yoast SEO plugin. -->","yoast_head_json":{"title":"Formazione - AL SISTEMI SRL","robots":{"index":"index","follow":"follow","max-snippet":"max-snippet:-1","max-image-preview":"max-image-preview:large","max-video-preview":"max-video-preview:-1"},"canonical":"https:\/\/www.alsistemi.it\/index.php\/services-2\/formazione\/","og_locale":"it_IT","og_type":"article","og_title":"Formazione - AL SISTEMI SRL","og_description":"Formazione su misura per aziende ed Enti Offriamo corsi di formazione specifici per Aziende e Enti, progettati per potenziare le competenze del tuo team e migliorare l\u2019efficienza operativa. Le nostre proposte includono: Ogni corso \u00e8 personalizzabile e pu\u00f2 essere erogato in modalit\u00e0 in presenza o a distanza, per rispondere alle esigenze specifiche della tua organizzazione. [&hellip;]","og_url":"https:\/\/www.alsistemi.it\/index.php\/services-2\/formazione\/","og_site_name":"AL SISTEMI SRL","article_modified_time":"2024-09-02T13:53:22+00:00","og_image":[{"url":"https:\/\/www.alsistemi.it\/wp-content\/uploads\/2021\/07\/brand-icon.svg","type":"","width":"","height":""}],"twitter_card":"summary_large_image","twitter_misc":{"Tempo di lettura stimato":"2 minuti"},"schema":{"@context":"https:\/\/schema.org","@graph":[{"@type":"WebPage","@id":"https:\/\/www.alsistemi.it\/index.php\/services-2\/formazione\/","url":"https:\/\/www.alsistemi.it\/index.php\/services-2\/formazione\/","name":"Formazione - AL SISTEMI SRL","isPartOf":{"@id":"https:\/\/www.alsistemi.it\/#website"},"primaryImageOfPage":{"@id":"https:\/\/www.alsistemi.it\/index.php\/services-2\/formazione\/#primaryimage"},"image":{"@id":"https:\/\/www.alsistemi.it\/index.php\/services-2\/formazione\/#primaryimage"},"thumbnailUrl":"https:\/\/www.alsistemi.it\/wp-content\/uploads\/2021\/07\/brand-icon.svg","datePublished":"2024-08-21T09:15:07+00:00","dateModified":"2024-09-02T13:53:22+00:00","breadcrumb":{"@id":"https:\/\/www.alsistemi.it\/index.php\/services-2\/formazione\/#breadcrumb"},"inLanguage":"it-IT","potentialAction":[{"@type":"ReadAction","target":["https:\/\/www.alsistemi.it\/index.php\/services-2\/formazione\/"]}]},{"@type":"ImageObject","inLanguage":"it-IT","@id":"https:\/\/www.alsistemi.it\/index.php\/services-2\/formazione\/#primaryimage","url":"https:\/\/www.alsistemi.it\/wp-content\/uploads\/2023\/07\/s_blog3.jpg","contentUrl":"https:\/\/www.alsistemi.it\/wp-content\/uploads\/2023\/07\/s_blog3.jpg","width":1920,"height":1080},{"@type":"BreadcrumbList","@id":"https:\/\/www.alsistemi.it\/index.php\/services-2\/formazione\/#breadcrumb","itemListElement":[{"@type":"ListItem","position":1,"name":"Home","item":"https:\/\/www.alsistemi.it\/"},{"@type":"ListItem","position":2,"name":"Servizi e Prodotti","item":"https:\/\/www.alsistemi.it\/index.php\/services-2\/"},{"@type":"ListItem","position":3,"name":"Formazione"}]},{"@type":"WebSite","@id":"https:\/\/www.alsistemi.it\/#website","url":"https:\/\/www.alsistemi.it\/","name":"AL SISTEMI SRL","description":"Innovazione su misura, soluzioni integrate","publisher":{"@id":"https:\/\/www.alsistemi.it\/#organization"},"potentialAction":[{"@type":"SearchAction","target":{"@type":"EntryPoint","urlTemplate":"https:\/\/www.alsistemi.it\/?s={search_term_string}"},"query-input":{"@type":"PropertyValueSpecification","valueRequired":true,"valueName":"search_term_string"}}],"inLanguage":"it-IT"},{"@type":"Organization","@id":"https:\/\/www.alsistemi.it\/#organization","name":"AL SISTEMI SRL","url":"https:\/\/www.alsistemi.it\/","logo":{"@type":"ImageObject","inLanguage":"it-IT","@id":"https:\/\/www.alsistemi.it\/#\/schema\/logo\/image\/","url":"https:\/\/www.alsistemi.it\/wp-content\/uploads\/2023\/07\/cropped-Home-AL-SISTEMI-S.r.l-1.jpg","contentUrl":"https:\/\/www.alsistemi.it\/wp-content\/uploads\/2023\/07\/cropped-Home-AL-SISTEMI-S.r.l-1.jpg","width":220,"height":70,"caption":"AL SISTEMI SRL"},"image":{"@id":"https:\/\/www.alsistemi.it\/#\/schema\/logo\/image\/"},"sameAs":["https:\/\/www.linkedin.com\/company\/al-sistemi-s-r-l-\/"]}]}},"_links":{"self":[{"href":"https:\/\/www.alsistemi.it\/index.php\/wp-json\/wp\/v2\/pages\/915"}],"collection":[{"href":"https:\/\/www.alsistemi.it\/index.php\/wp-json\/wp\/v2\/pages"}],"about":[{"href":"https:\/\/www.alsistemi.it\/index.php\/wp-json\/wp\/v2\/types\/page"}],"author":[{"embeddable":true,"href":"https:\/\/www.alsistemi.it\/index.php\/wp-json\/wp\/v2\/users\/1"}],"replies":[{"embeddable":true,"href":"https:\/\/www.alsistemi.it\/index.php\/wp-json\/wp\/v2\/comments?post=915"}],"version-history":[{"count":11,"href":"https:\/\/www.alsistemi.it\/index.php\/wp-json\/wp\/v2\/pages\/915\/revisions"}],"predecessor-version":[{"id":969,"href":"https:\/\/www.alsistemi.it\/index.php\/wp-json\/wp\/v2\/pages\/915\/revisions\/969"}],"up":[{"embeddable":true,"href":"https:\/\/www.alsistemi.it\/index.php\/wp-json\/wp\/v2\/pages\/692"}],"wp:attachment":[{"href":"https:\/\/www.alsistemi.it\/index.php\/wp-json\/wp\/v2\/media?parent=915"}],"curies":[{"name":"wp","href":"https:\/\/api.w.org\/{rel}","templated":true}]}}